{"id":1291,"date":"2025-02-14T17:41:22","date_gmt":"2025-02-14T17:41:22","guid":{"rendered":"https:\/\/zapsell.de\/?page_id=1291"},"modified":"2025-02-14T17:42:15","modified_gmt":"2025-02-14T17:42:15","slug":"terms-conditions","status":"publish","type":"page","link":"https:\/\/elite.zapsell.ch\/en\/terms-conditions\/","title":{"rendered":"Terms &amp; Conditions"},"content":{"rendered":"<div data-elementor-type=\"wp-page\" data-elementor-id=\"1291\" class=\"elementor elementor-1291\" data-elementor-post-type=\"page\">\n\t\t\t\t<div class=\"elementor-element elementor-element-e794604 e-flex e-con-boxed e-con e-parent\" data-id=\"e794604\" data-element_type=\"container\" data-settings=\"{&quot;ekit_has_onepagescroll_dot&quot;:&quot;yes&quot;}\">\n\t\t\t\t\t<div class=\"e-con-inner\">\n\t\t\t\t<div class=\"elementor-element elementor-element-52c833a de_scroll_animation_no elementor-widget elementor-widget-text-editor\" data-id=\"52c833a\" data-element_type=\"widget\" data-settings=\"{&quot;ekit_we_effect_on&quot;:&quot;none&quot;}\" data-widget_type=\"text-editor.default\">\n\t\t\t\t<div class=\"elementor-widget-container\">\n\t\t\t\t\t\t\t\t\t<div class=\"zpColumnItem\"><div id=\"a2313\" class=\"articlearea zpwText\" data-article-id=\"2313\" data-zpleid=\"2313\"><h3 data-zpfieldname=\"headline\">Allgemeine Gesch\u00e4ftsbedingungen<\/h3><div data-row-id=\"878\"><div data-column-id=\"882\"><div><div data-row-id=\"855\"><div data-column-id=\"859\"><div><div data-article-id=\"2159\" data-zpleid=\"2159\"><p><strong>1. Geltungsbereich<\/strong><\/p><\/div><\/div>1.1. F\u00fcr die Gesch\u00e4ftsbeziehung zwischen Elite Garage Zuzwil AG (nachfolgend \u201eVerk\u00e4ufer\u201c) und dem Kunden (nachfolgend \u201eKunde\u201c) gelten ausschlie\u00dflich die nachfolgenden Allgemeinen Gesch\u00e4ftsbedingungen in ihrer zum Zeitpunkt der Bestellung g\u00fcltigen Fassung.<br \/>1.2. Sie erreichen unseren Kundendienst f\u00fcr Fragen, Reklamationen und Beanstandungen werktags per E-Mail unter admin@elite-zuzwil.com.<br \/>1.3. Verbraucher im Sinne dieser AGB ist jede nat\u00fcrliche sowie juristische Person, die ein Rechtsgesch\u00e4ft zu einem Zwecke abschlie\u00dft kann (\u00a7 13 BGB).<br \/>1.4. Abweichende Bedingungen des Kunden werden nicht anerkannt, es sei denn, der Verk\u00e4ufer stimmt ihrer Geltung ausdr\u00fccklich schriftlich zu.<\/div><\/div><div data-row-id=\"856\"><div data-column-id=\"860\"><div>\u00a0<\/div><\/div><\/div><div data-row-id=\"857\"><div data-column-id=\"861\"><div><div data-article-id=\"2161\" data-zpleid=\"2161\"><p><strong>2. Angebote und Leistungsbeschreibungen<\/strong><\/p><\/div><\/div>2.1. Die Darstellung der Produkte im Online-Shop stellt kein rechtlich bindendes Angebot, sondern eine Aufforderung zur Abgabe einer Bestellung dar. Leistungsbeschreibungen in Katalogen sowie auf den Websites des Verk\u00e4ufers haben nicht den Charakter einer Zusicherung oder Garantie.<\/div><\/div><div data-row-id=\"858\"><div data-column-id=\"862\"><div>\u00a0<\/div><\/div><\/div><div data-row-id=\"859\"><div data-column-id=\"863\"><div><div data-article-id=\"2163\" data-zpleid=\"2163\"><p><strong>3. Preise<\/strong><\/p><\/div><\/div>3.1. Alle Preise, die auf der Website des Verk\u00e4ufers angegeben sind, verstehen sich einschlie\u00dflich der jeweils g\u00fcltigen gesetzlichen Umsatzsteuer.<\/div><\/div><div data-row-id=\"862\"><div data-column-id=\"866\"><div><div data-article-id=\"2166\" data-zpleid=\"2166\">\u00a0<\/div><\/div><\/div><\/div><div data-row-id=\"864\"><div data-column-id=\"868\"><strong>4. Zahlungsmodalit\u00e4ten<\/strong><\/div><\/div><div data-row-id=\"866\"><div data-column-id=\"870\"><div><div data-article-id=\"2170\" data-zpleid=\"2170\"><p>4.1. Der Kunde kann im Rahmen und vor Abschluss des Bestellvorgangs aus den zur Verf\u00fcgung stehenden Zahlungsarten w\u00e4hlen. <br \/>4.2. Ist die Bezahlung per Rechnung m\u00f6glich, hat die Zahlung innerhalb von 30 Tagen nach Erhalt der Ware und der Rechnung zu erfolgen. Bei allen anderen Zahlweisen hat die Zahlung im Voraus ohne Abzug zu erfolgen. <br \/>4.3. Werden Drittanbieter mit der Zahlungsabwicklung beauftragt, z.B. Paypal. gelten deren Allgemeine Gesch\u00e4ftsbedingungen. <br \/>4.4. Ist die F\u00e4lligkeit der Zahlung nach dem Kalender bestimmt, so kommt der Kunde bereits durch Vers\u00e4umung des Termins in Verzug. In diesem Fall hat der Kunde Verzugszinsen in H\u00f6he von 5 Prozentpunkten \u00fcber dem Basiszinssatz zu zahlen. <br \/>4.5. Die Verpflichtung des Kunden zur Zahlung von Verzugszinsen schlie\u00dft die Geltendmachung weiterer Verzugssch\u00e4den durch den Verk\u00e4ufer nicht aus. <br \/>4.6. Ein Recht zur Aufrechnung steht dem Kunden nur zu, wenn seine Gegenanspr\u00fcche rechtskr\u00e4ftig festgestellt oder von dem Verk\u00e4ufer anerkannt sind. Der Kunde kann ein Zur\u00fcckbehaltungsrecht nur aus\u00fcben, soweit die Anspr\u00fcche aus dem gleichen Vertragsverh\u00e4ltnis resultieren.<\/p><\/div><\/div><\/div><\/div><div data-row-id=\"867\"><div data-column-id=\"871\"><div><div data-article-id=\"2171\" data-zpleid=\"2171\"><p><strong>5. Eigentumsvorbehalt<\/strong><\/p>5.1 Bis zur vollst\u00e4ndigen Bezahlung verbleiben die gelieferten Waren im Eigentum des Verk\u00e4ufers.<\/div><\/div><\/div><\/div><div data-row-id=\"869\"><div data-column-id=\"873\"><div><div data-article-id=\"2173\" data-zpleid=\"2173\"><p><strong>6. Sachm\u00e4ngelgew\u00e4hrleistung und Garantie<\/strong><\/p>6.1. Die Gew\u00e4hrleistung bestimmt sich nach gesetzlichen Vorschriften. <br \/>6.2. Eine Garantie besteht bei den vom Verk\u00e4ufer gelieferten Waren nur, wenn diese ausdr\u00fccklich abgegeben wurde.<\/div><\/div><\/div><\/div><div data-row-id=\"871\"><div data-column-id=\"875\"><div><div data-article-id=\"2175\" data-zpleid=\"2175\"><p><strong>7. Haftung<\/strong><\/p>7.1. F\u00fcr eine Haftung des Verk\u00e4ufers auf Schadensersatz gelten unbeschadet der sonstigen gesetzlichen Anspruchsvoraussetzungen folgende Haftungsausschl\u00fcsse und -begrenzungen. <br \/>7.2. Der Verk\u00e4ufer haftet unbeschr\u00e4nkt, soweit die Schadensursache auf Vorsatz oder grober Fahrl\u00e4ssigkeit beruht. <br \/>7.3. Ferner haftet der Verk\u00e4ufer f\u00fcr die leicht fahrl\u00e4ssige Verletzung von wesentlichen Pflichten, deren Verletzung die Erreichung des Vertragszwecks gef\u00e4hrdet, oder f\u00fcr die Verletzung von Pflichten, deren Erf\u00fcllung die ordnungsgem\u00e4\u00dfe Durchf\u00fchrung des Vertrages \u00fcberhaupt erst erm\u00f6glicht und auf deren Einhaltung der Kunde regelm\u00e4\u00dfig vertraut. In diesem Fall haftet der Verk\u00e4ufer jedoch nur f\u00fcr den vorhersehbaren, vertragstypischen Schaden. Der Verk\u00e4ufer haftet nicht f\u00fcr die leicht fahrl\u00e4ssige Verletzung anderer als der in den vorstehenden S\u00e4tzen genannten Pflichten. <br \/>7.4. Die vorstehenden Haftungsbeschr\u00e4nkungen gelten nicht bei Verletzung von Leben, K\u00f6rper und Gesundheit, f\u00fcr einen Mangel nach \u00dcbernahme einer Garantie f\u00fcr die Beschaffenheit des Produktes und bei arglistig verschwiegenen M\u00e4ngeln. Die Haftung nach dem Produkthaftungsgesetz bleibt unber\u00fchrt. <br \/>7.5. Soweit die Haftung des Verk\u00e4ufers ausgeschlossen oder beschr\u00e4nkt ist, gilt dies auch f\u00fcr die pers\u00f6nliche Haftung von Arbeitnehmern, Vertretern und Erf\u00fcllungsgehilfen.<\/div><\/div><\/div><\/div><div data-row-id=\"873\"><div data-column-id=\"877\"><div><div data-article-id=\"2177\" data-zpleid=\"2177\"><p><strong>8. Widerrufsrecht<\/strong><\/p>8.1 Es besteht kein Widerrufsrecht, da das Produkt vor Ort besichtigt und bezahlt wurde.<\/div><\/div><\/div><\/div><div data-row-id=\"875\"><div data-column-id=\"879\"><div><div data-article-id=\"2179\" data-zpleid=\"2179\"><p><strong>9. Speicherung des Vertragstextes<\/strong><\/p>9.1. Der Verk\u00e4ufer speichert den Vertragstext der Bestellung. Die AGB sind online abrufbar. Der Kunde kann den Vertragstext vor der Abgabe der Bestellung an den Verk\u00e4ufer ausdrucken, indem er im letzten Schritt der Bestellung die Druckfunktion seines Browsers nutzt. <br \/>9.2. Der Verk\u00e4ufer sendet dem Kunden au\u00dferdem eine Bestellbest\u00e4tigung mit allen Bestelldaten an die von Ihm angegebene E-Mail-Adresse zu. Ferner erh\u00e4lt der Kunde eine Kopie der AGB mit seiner Bestellung.<\/div><\/div><\/div><\/div><div data-row-id=\"877\"><div data-column-id=\"881\"><div><div data-article-id=\"2181\" data-zpleid=\"2181\"><p><strong>10. Gerichtsstand, Anwendbares Recht, Vertragssprache<\/strong><\/p><\/div><\/div>10.1. Gerichtstand und Erf\u00fcllungsort ist der Sitz des Verk\u00e4ufers, wenn der Besteller Kaufmann, juristische Person des \u00f6ffentlichen Rechts oder \u00f6ffentlich-rechtliches Sonderverm\u00f6gen ist. <br \/>10.2. Es gilt das Schweizer Recht. Dies gilt nicht, wenn zwingende Verbraucherschutzvorschriften einer solchen Anwendung entgegenstehen. <br \/>10.3. Vertragssprache ist deutsch.<\/div><\/div><\/div><\/div><\/div><\/div><\/div>\t\t\t\t\t\t\t\t<\/div>\n\t\t\t\t<\/div>\n\t\t\t\t\t<\/div>\n\t\t\t\t<\/div>\n\t\t\t\t<\/div>","protected":false},"excerpt":{"rendered":"<p>Allgemeine Gesch\u00e4ftsbedingungen 1. Geltungsbereich 1.1. F\u00fcr die Gesch\u00e4ftsbeziehung zwischen Elite Garage Zuzwil AG (nachfolgend \u201eVerk\u00e4ufer\u201c) und dem Kunden (nachfolgend \u201eKunde\u201c) [&hellip;]<\/p>","protected":false},"author":1,"featured_media":0,"parent":0,"menu_order":0,"comment_status":"closed","ping_status":"closed","template":"","meta":{"site-sidebar-layout":"no-sidebar","site-content-layout":"","ast-site-content-layout":"full-width-container","site-content-style":"default","site-sidebar-style":"default","ast-global-header-display":"","ast-banner-title-visibility":"","ast-main-header-display":"","ast-hfb-above-header-display":"","ast-hfb-below-header-display":"","ast-hfb-mobile-header-display":"","site-post-title":"disabled","ast-breadcrumbs-content":"","ast-featured-img":"disabled","footer-sml-layout":"","theme-transparent-header-meta":"","adv-header-id-meta":"","stick-header-meta":"","header-above-stick-meta":"","header-main-stick-meta":"","header-below-stick-meta":"","astra-migrate-meta-layouts":"default","ast-page-background-enabled":"default","ast-page-background-meta":{"desktop":{"background-color":"var(--ast-global-color-4)","background-image":"","background-repeat":"repeat","background-position":"center center","background-size":"auto","background-attachment":"scroll","background-type":"","background-media":"","overlay-type":"","overlay-color":"","overlay-opacity":"","overlay-gradient":""},"tablet":{"background-color":"","background-image":"","background-repeat":"repeat","background-position":"center center","background-size":"auto","background-attachment":"scroll","background-type":"","background-media":"","overlay-type":"","overlay-color":"","overlay-opacity":"","overlay-gradient":""},"mobile":{"background-color":"","background-image":"","background-repeat":"repeat","background-position":"center center","background-size":"auto","background-attachment":"scroll","background-type":"","background-media":"","overlay-type":"","overlay-color":"","overlay-opacity":"","overlay-gradient":""}},"ast-content-background-meta":{"desktop":{"background-color":"var(--ast-global-color-5)","background-image":"","background-repeat":"repeat","background-position":"center center","background-size":"auto","background-attachment":"scroll","background-type":"","background-media":"","overlay-type":"","overlay-color":"","overlay-opacity":"","overlay-gradient":""},"tablet":{"background-color":"var(--ast-global-color-5)","background-image":"","background-repeat":"repeat","background-position":"center center","background-size":"auto","background-attachment":"scroll","background-type":"","background-media":"","overlay-type":"","overlay-color":"","overlay-opacity":"","overlay-gradient":""},"mobile":{"background-color":"var(--ast-global-color-5)","background-image":"","background-repeat":"repeat","background-position":"center center","background-size":"auto","background-attachment":"scroll","background-type":"","background-media":"","overlay-type":"","overlay-color":"","overlay-opacity":"","overlay-gradient":""}},"footnotes":""},"class_list":["post-1291","page","type-page","status-publish","hentry"],"_links":{"self":[{"href":"https:\/\/elite.zapsell.ch\/en\/wp-json\/wp\/v2\/pages\/1291","targetHints":{"allow":["GET"]}}],"collection":[{"href":"https:\/\/elite.zapsell.ch\/en\/wp-json\/wp\/v2\/pages"}],"about":[{"href":"https:\/\/elite.zapsell.ch\/en\/wp-json\/wp\/v2\/types\/page"}],"author":[{"embeddable":true,"href":"https:\/\/elite.zapsell.ch\/en\/wp-json\/wp\/v2\/users\/1"}],"replies":[{"embeddable":true,"href":"https:\/\/elite.zapsell.ch\/en\/wp-json\/wp\/v2\/comments?post=1291"}],"version-history":[{"count":4,"href":"https:\/\/elite.zapsell.ch\/en\/wp-json\/wp\/v2\/pages\/1291\/revisions"}],"predecessor-version":[{"id":1295,"href":"https:\/\/elite.zapsell.ch\/en\/wp-json\/wp\/v2\/pages\/1291\/revisions\/1295"}],"wp:attachment":[{"href":"https:\/\/elite.zapsell.ch\/en\/wp-json\/wp\/v2\/media?parent=1291"}],"curies":[{"name":"wp","href":"https:\/\/api.w.org\/{rel}","templated":true}]}}