{"id":3,"date":"2025-01-18T09:31:17","date_gmt":"2025-01-18T09:31:17","guid":{"rendered":"https:\/\/zapsell.de\/?page_id=3"},"modified":"2025-02-14T17:45:32","modified_gmt":"2025-02-14T17:45:32","slug":"privacy-policy","status":"publish","type":"page","link":"https:\/\/elite.zapsell.ch\/en\/privacy-policy\/","title":{"rendered":"Privacy Policy"},"content":{"rendered":"<div data-elementor-type=\"wp-page\" data-elementor-id=\"3\" class=\"elementor elementor-3\" data-elementor-post-type=\"page\">\n\t\t\t\t<div class=\"elementor-element elementor-element-715c9674 e-con-full e-flex e-con e-parent\" data-id=\"715c9674\" data-element_type=\"container\" data-settings=\"{&quot;ekit_has_onepagescroll_dot&quot;:&quot;yes&quot;}\">\n\t\t\t\t<div class=\"elementor-element elementor-element-f4f1a3d de_scroll_animation_no elementor-widget elementor-widget-text-editor\" data-id=\"f4f1a3d\" data-element_type=\"widget\" data-settings=\"{&quot;ekit_we_effect_on&quot;:&quot;none&quot;}\" data-widget_type=\"text-editor.default\">\n\t\t\t\t<div class=\"elementor-widget-container\">\n\t\t\t\t\t\t\t\t\t<div class=\"zparea zpgrid\" data-numcolumns=\"\" data-areaname=\"Standard\" data-pageid=\"531\">\n<div id=\"container_952\" class=\"zpContainer first last\" data-zpeleel=\"container\" data-zpleid=\"952\">\n<div class=\"zpRow standard\" data-row-id=\"963\">\n<div class=\"zpColumn odd zpColumnWidth1 c12 first last\" data-column-id=\"969\">\n<div class=\"zpColumnItem\">\n<div id=\"a2314\" class=\"articlearea zpwText\" data-article-id=\"2314\" data-zpleid=\"2314\">\n<h2 data-zpfieldname=\"headline\">Datenschutz<\/h2>\n<p><strong>Verantwortliche Stelle<\/strong><\/p>\n<p>Verantwortliche Stelle (Verantwortlicher) ist die Elite Garage Zuzwil AG, Herbergstrasse 34, 9524 Zuzwil SG, Schweiz<\/p>\n<p><strong>Allgemeines<\/strong><\/p>\n<p>Die Elite Garage Zuzwil AG\u00a0erachtet es als wichtig, dass ihre Nutzer und Nutzerinnen dar\u00fcber informiert sind, wann, zu welchen Zwecken und welche Personendaten bearbeitet werden.<\/p>\n<p>Die Elite Garage Zuzwil AG beh\u00e4lt sich vor, diese Datenschutzerkl\u00e4rung von Zeit zu Zeit anzupassen. Sie sollten diese Datenschutzerkl\u00e4rung daher regelm\u00e4ssig lesen. Das jeweilige Aktualisierungsdatum (Stand) finden Sie am Anfang dieser Datenschutzerkl\u00e4rung.<\/p>\n<p><strong>Was sind Personendaten?<\/strong><\/p>\n<p>Personendaten sind alle Informationen, die sich auf eine identifizierte oder identifizierbare nat\u00fcrliche Person beziehen (bspw. Name, Anschrift, Telefonnummer, Geburtsdatum oder E-Mail-Adresse).<\/p>\n<p>Grunds\u00e4tzlich k\u00f6nnen Sie unser Online-Angebot ohne Angaben von Personendaten nutzen. Die Nutzung bestimmter Online-Angebote kann die Angabe von Personendaten erfordern, bspw. die Vereinbarung eines Termins oder das Ausf\u00fcllen eines Formulares.<\/p>\n<p>Personendaten werden daher nicht grunds\u00e4tzlich, sondern nur unter bestimmten Umst\u00e4nden und zu bestimmten Zwecken bearbeitet.<\/p>\n<p><strong>Wann werden Personendaten bei Elite Garage Zuzwil AG bearbeitet?<\/strong><\/p>\n<p>F\u00fcr die Bereitstellung Anfragen bearbeiten die Elite Garage Zuzwil AG Personendaten im Rahmen von:<\/p>\n<p>Webseiten: Personendaten werden via Logfiles, Cookies, Analysetools sowie Plugins sozialer Medien und anderer Anbieter bearbeitet.<\/p>\n<p>E-Mailanfragen: Personendaten werden im Rahmen von Anfragen via E-Mail zu unserem Angebot und den von uns angebotenen Dienstleistungen bearbeitet.<\/p>\n<p><strong>F\u00fcr welche Zwecke werden Personendaten bearbeitet?\u00a0<\/strong><\/p>\n<ul>\n<li>Bereitstellung des Online-Angebotes f\u00fcr Nutzer und Nutzerinnen<\/li>\n<li>Optimierung des Online-Angebots (bspw. Marktforschung und Reichweitenmessung)<\/li>\n<li>Personalisierung des Online-Angebots f\u00fcr die Nutzer und Nutzerinnen des Online-Angebotes<\/li>\n<li>Datensicherheit f\u00fcr die Nutzer und Nutzerinnen des Online-Angebotes<\/li>\n<\/ul>\n<p><strong>Auf welche Rechtsgrundlagen bearbeitet die Elite Garage Zuzwil AG Personendaten?<br \/><\/strong><\/p>\n<p>Soweit wir f\u00fcr die Bearbeitung von Personendaten von Ihnen eine Einwilligung einholen, dient diese als Rechtsgrundlage.<\/p>\n<p>Wir bearbeiten Ihre Personendaten auch auf der Grundlage unseres berechtigten Interesses. Dazu z\u00e4hlen Bearbeitungen zum Zweck der Bereitstellung und Optimierung des Online-Angebotes.<\/p>\n<p>Soweit eine Bearbeitung von Personendaten aufgrund einer gesetzlicher Verpflichtung erfolgt, dient diese als Rechtsgrundlage. Dies kann beispielsweise bei der Weitergabe von Personendaten an Dritte, der Speicherungsdauer oder bei Aufbewahrungsfristen der Fall sein.<\/p>\n<p><strong>Werden Personendaten an Dritte weitergegeben?<\/strong><\/p>\n<p>Ihre Personendaten werden von uns grunds\u00e4tzlich nur dann an Dritte weitergegeben, soweit Ihrerseits eine Einwilligung vorliegt oder unsererseits ein berechtigtes Interesse besteht.<\/p>\n<p>Dar\u00fcber hinaus k\u00f6nnen Daten an Dritte \u00fcbermittelt werden, soweit wir aufgrund gesetzlicher Bestimmungen oder durch vollstreckbare beh\u00f6rdliche oder gerichtliche Anordnung hierzu verpflichtet sein sollten.<\/p>\n<p><strong>Werden Dritte bei der Bearbeitung von Daten eingesetzt?<\/strong><\/p>\n<p>Bei der Bearbeitung von Daten setzen wir Dienstleister ein. Dienstleister werden in der Regel als sogenannte Auftragsbearbeiter eingebunden, die Personendaten der Nutzer und Nutzerinnen unseres Online-Angebots nur nach unseren Weisungen bearbeiten d\u00fcrfen.<\/p>\n<p><strong>Werden Personendaten an Empf\u00e4nger in einem Drittland (ausserhalb CH\/EU\/EWR) \u00fcbermittelt?<\/strong><\/p>\n<p>Wir geben Personendaten auch an Dritte bzw. Auftragsbearbeiter, die ihren Sitz nicht in der Schweiz und in Nicht-EU\/EWR-L\u00e4ndern haben. In diesem Fall stellen wir vor der Weitergabe sicher, dass beim Empf\u00e4nger entweder ein angemessenes Datenschutzniveau besteht (bspw. aufgrund einer Angemessenheitsentscheidung f\u00fcr das jeweilige Land, einer Selbstzertifizierung des Empf\u00e4ngers f\u00fcr das CH-US-Privacy Shield (Rahmen f\u00fcr die \u00dcbermittlungen von Personendaten aus der Schweiz in die USA), des Einsatzes von Standardvertragsklauseln der Europ\u00e4ischen Union oder des Mustervertrages des Eidgen\u00f6ssischen Datenschutz- und \u00d6ffentlichkeitsbeauftragten (ED\u00d6B) oder eine Einwilligung unserer Nutzer und Nutzerinnen vorliegt.<\/p>\n<p><strong>Wie lange bewahrt die Elite Garage Zuzwil AG die Personendaten auf?<\/strong><\/p>\n<p>Wir speichern Ihre Daten solange, wie dies zur Erbringung unseres Online-Angebots und der damit verbundenen Dienstleistungen erforderlich ist bzw. wir ein berechtigtes Interesse an der weiteren Speicherung haben. In allen anderen F\u00e4llen l\u00f6schen wir Ihre Personendaten mit Ausnahme solcher Daten, die wir zur Erf\u00fcllung gesetzlicher Verpflichtungen (bspw. Aufbewahrungspflichten) weiter aufbewahren m\u00fcssen.<\/p>\n<p><strong>Welche Betroffenenrechte haben Sie?<\/strong><\/p>\n<p>Recht auf Auskunft: Nutzer und Nutzerinnen haben das Recht, von dem Verantwortlichen eine Best\u00e4tigung dar\u00fcber zu verlangen, welche Personendaten \u00fcber sie bearbeitet werden.<\/p>\n<p>Recht auf Berichtigung: Nutzer und Nutzerinnen haben das Recht, von dem Verantwortlichen die Berichtigung sie betreffender unrichtiger oder unvollst\u00e4ndiger Personendaten zu verlangen.<\/p>\n<p>Recht auf L\u00f6schung: Nutzer und Nutzerinnen haben das Recht, von dem Verantwortlichen zu verlangen, dass sie betreffende Personendaten unverz\u00fcglich gel\u00f6scht werden, wenn diese Daten f\u00fcr die Zwecke, f\u00fcr die sie erhoben oder bearbeitet wurden, nicht mehr notwendig sind und anderweitige gesetzliche Vorschriften der L\u00f6schung nicht entgegenstehen.<\/p>\n<p>Recht auf Einschr\u00e4nkung der Bearbeitung: Nutzer und Nutzerinnen haben das Recht, von dem Verantwortlichen die Einschr\u00e4nkung der Bearbeitung zu verlangen.\u00a0<\/p>\n<p>Widerrufsrecht bei Einwilligung: Nutzer und Nutzerinnen haben das Recht, Ihre Einwilligung zur Bearbeitung der sie betreffenden Personendaten f\u00fcr einen oder mehrere bestimmte Zwecke jederzeit zu widerrufen, wenn die Bearbeitung auf ihrer ausdr\u00fccklichen Einwilligung beruht. Trotz Widerruf wird die Rechtm\u00e4ssigkeit der aufgrund ihrer Einwilligung bis zum Widerruf erfolgten Bearbeitung nicht ber\u00fchrt.<\/p>\n<p>Widerspruchsrecht: Nutzer und Nutzerinnen haben das Recht, jederzeit gegen die Bearbeitung der sie betreffenden Personendaten Widerspruch einzulegen, wenn die Bearbeitung auf Grundlage des berechtigten Interesses des Verantwortlichen oder eines Dritten erfolgt bzw. zum Zweck der Direktwerbung erfolgt.<\/p>\n<p><strong>Wie k\u00f6nnen Sie Ihre Rechte aus\u00fcben?<\/strong><\/p>\n<p>Um Ihr Recht auszu\u00fcben, wenden Sie sich bitte an uns per Kontaktformular.\u00a0<\/p>\n<p><strong>Rechte an Inhalten<\/strong><\/p>\n<p>Eigentum der Elite Garage Zuzwil AG : S\u00e4mtliche Texte, Bilder und andere in der Website ver\u00f6ffentlichten Informationen unterliegen \u2013 sofern nicht anders gekennzeichnet \u2013 dem Copyright\/Urheberrecht der Elite Garage Zuzwil AG , einer Ihrer Tochtergesellschaften oder der Importeure. Jede Vervielf\u00e4ltigung, Verbreitung, Speicherung, Sendung und Wieder- bzw. Weitergabe der Inhalte f\u00fcr gewerbliche Zwecke ist ohne schriftliche Genehmigung der Elite Garage Zuzwil AG ausdr\u00fccklich untersagt.<\/p>\n<p><strong>Haftung<\/strong><\/p>\n<p>Zu Informationszwecken kann die\u00a0Elite Garage Zuzwil AG auf Drittseiten verlinken. In diesem Fall \u00fcbernimmt die Elite Garage Zuzwil AG keine Verantwortung f\u00fcr die Inhalte, Fehlerfreiheit, Rechtm\u00e4ssigkeit und Funktionsf\u00e4higkeit von Internetseiten Dritter, auf die mittels Links oder Tools von den Internet-Plattformen der Elite Garage Zuzwil AGverwiesen wird. Seitenaufrufe \u00fcber Links erfolgen auf eigene Gefahr<\/p>\n<\/div>\n<\/div>\n<\/div>\n<\/div>\n<\/div>\n<\/div>\t\t\t\t\t\t\t\t<\/div>\n\t\t\t\t<\/div>\n\t\t\t\t<\/div>\n\t\t\t\t<\/div>","protected":false},"excerpt":{"rendered":"<p>Datenschutz Verantwortliche Stelle Verantwortliche Stelle (Verantwortlicher) ist die Elite Garage Zuzwil AG, Herbergstrasse 34, 9524 Zuzwil SG, Schweiz Allgemeines Die [&hellip;]<\/p>","protected":false},"author":1,"featured_media":0,"parent":0,"menu_order":0,"comment_status":"closed","ping_status":"open","template":"","meta":{"site-sidebar-layout":"default","site-content-layout":"","ast-site-content-layout":"","site-content-style":"default","site-sidebar-style":"default","ast-global-header-display":"","ast-banner-title-visibility":"","ast-main-header-display":"","ast-hfb-above-header-display":"","ast-hfb-below-header-display":"","ast-hfb-mobile-header-display":"","site-post-title":"","ast-breadcrumbs-content":"","ast-featured-img":"","footer-sml-layout":"","theme-transparent-header-meta":"","adv-header-id-meta":"","stick-header-meta":"","header-above-stick-meta":"","header-main-stick-meta":"","header-below-stick-meta":"","astra-migrate-meta-layouts":"default","ast-page-background-enabled":"default","ast-page-background-meta":{"desktop":{"background-color":"var(--ast-global-color-4)","background-image":"","background-repeat":"repeat","background-position":"center center","background-size":"auto","background-attachment":"scroll","background-type":"","background-media":"","overlay-type":"","overlay-color":"","overlay-opacity":"","overlay-gradient":""},"tablet":{"background-color":"","background-image":"","background-repeat":"repeat","background-position":"center center","background-size":"auto","background-attachment":"scroll","background-type":"","background-media":"","overlay-type":"","overlay-color":"","overlay-opacity":"","overlay-gradient":""},"mobile":{"background-color":"","background-image":"","background-repeat":"repeat","background-position":"center center","background-size":"auto","background-attachment":"scroll","background-type":"","background-media":"","overlay-type":"","overlay-color":"","overlay-opacity":"","overlay-gradient":""}},"ast-content-background-meta":{"desktop":{"background-color":"var(--ast-global-color-5)","background-image":"","background-repeat":"repeat","background-position":"center center","background-size":"auto","background-attachment":"scroll","background-type":"","background-media":"","overlay-type":"","overlay-color":"","overlay-opacity":"","overlay-gradient":""},"tablet":{"background-color":"var(--ast-global-color-5)","background-image":"","background-repeat":"repeat","background-position":"center center","background-size":"auto","background-attachment":"scroll","background-type":"","background-media":"","overlay-type":"","overlay-color":"","overlay-opacity":"","overlay-gradient":""},"mobile":{"background-color":"var(--ast-global-color-5)","background-image":"","background-repeat":"repeat","background-position":"center center","background-size":"auto","background-attachment":"scroll","background-type":"","background-media":"","overlay-type":"","overlay-color":"","overlay-opacity":"","overlay-gradient":""}},"footnotes":""},"class_list":["post-3","page","type-page","status-publish","hentry"],"_links":{"self":[{"href":"https:\/\/elite.zapsell.ch\/en\/wp-json\/wp\/v2\/pages\/3","targetHints":{"allow":["GET"]}}],"collection":[{"href":"https:\/\/elite.zapsell.ch\/en\/wp-json\/wp\/v2\/pages"}],"about":[{"href":"https:\/\/elite.zapsell.ch\/en\/wp-json\/wp\/v2\/types\/page"}],"author":[{"embeddable":true,"href":"https:\/\/elite.zapsell.ch\/en\/wp-json\/wp\/v2\/users\/1"}],"replies":[{"embeddable":true,"href":"https:\/\/elite.zapsell.ch\/en\/wp-json\/wp\/v2\/comments?post=3"}],"version-history":[{"count":12,"href":"https:\/\/elite.zapsell.ch\/en\/wp-json\/wp\/v2\/pages\/3\/revisions"}],"predecessor-version":[{"id":1301,"href":"https:\/\/elite.zapsell.ch\/en\/wp-json\/wp\/v2\/pages\/3\/revisions\/1301"}],"wp:attachment":[{"href":"https:\/\/elite.zapsell.ch\/en\/wp-json\/wp\/v2\/media?parent=3"}],"curies":[{"name":"wp","href":"https:\/\/api.w.org\/{rel}","templated":true}]}}