{"id":881,"date":"2025-02-11T16:07:38","date_gmt":"2025-02-11T16:07:38","guid":{"rendered":"https:\/\/zapsell.de\/?page_id=881"},"modified":"2025-02-13T17:38:29","modified_gmt":"2025-02-13T17:38:29","slug":"about-us","status":"publish","type":"page","link":"https:\/\/elite.zapsell.ch\/en\/about-us\/","title":{"rendered":"About Us"},"content":{"rendered":"<div data-elementor-type=\"wp-page\" data-elementor-id=\"881\" class=\"elementor elementor-881\" data-elementor-post-type=\"page\">\n\t\t\t\t<div class=\"elementor-element elementor-element-be2d6f3 e-flex e-con-boxed e-con e-parent\" data-id=\"be2d6f3\" data-element_type=\"container\" data-settings=\"{&quot;background_background&quot;:&quot;classic&quot;,&quot;ekit_has_onepagescroll_dot&quot;:&quot;yes&quot;}\">\n\t\t\t\t\t<div class=\"e-con-inner\">\n\t\t<div class=\"elementor-element elementor-element-2118927d e-con-full e-flex e-con e-child\" data-id=\"2118927d\" data-element_type=\"container\" data-settings=\"{&quot;ekit_has_onepagescroll_dot&quot;:&quot;yes&quot;}\">\n\t\t\t\t<div class=\"elementor-element elementor-element-25cee127 de_scroll_animation_no elementor-invisible elementor-widget elementor-widget-image\" data-id=\"25cee127\" data-element_type=\"widget\" data-settings=\"{&quot;_animation&quot;:&quot;fadeInUp&quot;,&quot;ekit_we_effect_on&quot;:&quot;none&quot;}\" data-widget_type=\"image.default\">\n\t\t\t\t<div class=\"elementor-widget-container\">\n\t\t\t\t\t\t\t\t\t\t\t\t\t\t\t<img fetchpriority=\"high\" decoding=\"async\" width=\"2048\" height=\"1364\" src=\"https:\/\/elite.zapsell.ch\/wp-content\/uploads\/2025\/01\/image00013.jpeg\" class=\"attachment-full size-full wp-image-746\" alt=\"\" srcset=\"https:\/\/elite.zapsell.ch\/wp-content\/uploads\/2025\/01\/image00013.jpeg 2048w, https:\/\/elite.zapsell.ch\/wp-content\/uploads\/2025\/01\/image00013-300x200.jpeg 300w, https:\/\/elite.zapsell.ch\/wp-content\/uploads\/2025\/01\/image00013-1024x682.jpeg 1024w, https:\/\/elite.zapsell.ch\/wp-content\/uploads\/2025\/01\/image00013-768x512.jpeg 768w, https:\/\/elite.zapsell.ch\/wp-content\/uploads\/2025\/01\/image00013-1536x1023.jpeg 1536w, https:\/\/elite.zapsell.ch\/wp-content\/uploads\/2025\/01\/image00013-18x12.jpeg 18w\" sizes=\"(max-width: 2048px) 100vw, 2048px\" \/>\t\t\t\t\t\t\t\t\t\t\t\t\t\t\t<\/div>\n\t\t\t\t<\/div>\n\t\t\t\t<\/div>\n\t\t<div class=\"elementor-element elementor-element-8aee6d5 e-con-full e-flex e-con e-child\" data-id=\"8aee6d5\" data-element_type=\"container\" data-settings=\"{&quot;ekit_has_onepagescroll_dot&quot;:&quot;yes&quot;}\">\n\t\t\t\t<div class=\"elementor-element elementor-element-777384f4 de_scroll_animation_no elementor-invisible elementor-widget elementor-widget-heading\" data-id=\"777384f4\" data-element_type=\"widget\" data-settings=\"{&quot;_animation&quot;:&quot;fadeInUp&quot;,&quot;ekit_we_effect_on&quot;:&quot;none&quot;}\" data-widget_type=\"heading.default\">\n\t\t\t\t<div class=\"elementor-widget-container\">\n\t\t\t\t\t<h2 class=\"elementor-heading-title elementor-size-default\">\u00dcber Elite Garage AG<\/h2>\t\t\t\t<\/div>\n\t\t\t\t<\/div>\n\t\t\t\t<div class=\"elementor-element elementor-element-607ceea1 de_scroll_animation_no elementor-invisible elementor-widget elementor-widget-text-editor\" data-id=\"607ceea1\" data-element_type=\"widget\" data-settings=\"{&quot;_animation&quot;:&quot;fadeInUp&quot;,&quot;ekit_we_effect_on&quot;:&quot;none&quot;}\" data-widget_type=\"text-editor.default\">\n\t\t\t\t<div class=\"elementor-widget-container\">\n\t\t\t\t\t\t\t\t\t<p>Bei der Elite Garage AG sind wir mehr als nur ein Autohaus \u2013 wir sind ein Ziel f\u00fcr erstklassige Automobilqualit\u00e4t. Mit Sitz im Herzen der Schweiz sind wir darauf spezialisiert, eine exklusive Auswahl an Luxus- und Hochleistungsfahrzeugen anzubieten, die Pr\u00e4zision, Innovation und zeitloses Design verk\u00f6rpern.<\/p><p>Seit Jahren widmen wir uns der Bereitstellung der besten Automobile der renommiertesten Marken der Welt f\u00fcr unsere Kunden. Unsere Leidenschaft f\u00fcr Autos geht \u00fcber blo\u00dfe Transaktionen hinaus; Es geht darum, unvergessliche Erlebnisse zu schaffen und dauerhafte Beziehungen zu unseren Kunden aufzubauen. Ganz gleich, ob Sie auf der Suche nach einem schnittigen Sportwagen, einer edlen Luxuslimousine oder einem seltenen Sammlerst\u00fcck sind \u2013 wir sind hier, um Ihnen dabei zu helfen, das perfekte Fahrzeug zu finden, das zu Ihrem Lebensstil und Ihren Ambitionen passt.<\/p>\t\t\t\t\t\t\t\t<\/div>\n\t\t\t\t<\/div>\n\t\t\t\t<\/div>\n\t\t\t\t\t<\/div>\n\t\t\t\t<\/div>\n\t\t<div class=\"elementor-element elementor-element-66ffcf3c e-flex e-con-boxed e-con e-parent\" data-id=\"66ffcf3c\" data-element_type=\"container\" data-settings=\"{&quot;ekit_has_onepagescroll_dot&quot;:&quot;yes&quot;}\">\n\t\t\t\t\t<div class=\"e-con-inner\">\n\t\t<div class=\"elementor-element elementor-element-5674b424 e-con-full e-flex e-con e-child\" data-id=\"5674b424\" data-element_type=\"container\" data-settings=\"{&quot;ekit_has_onepagescroll_dot&quot;:&quot;yes&quot;}\">\n\t\t\t\t<div class=\"elementor-element elementor-element-47508d2 de_scroll_animation_no elementor-invisible elementor-widget elementor-widget-heading\" data-id=\"47508d2\" data-element_type=\"widget\" data-settings=\"{&quot;_animation&quot;:&quot;fadeInUp&quot;,&quot;ekit_we_effect_on&quot;:&quot;none&quot;}\" data-widget_type=\"heading.default\">\n\t\t\t\t<div class=\"elementor-widget-container\">\n\t\t\t\t\t<h2 class=\"elementor-heading-title elementor-size-default\">Warum Elite Garage AG w\u00e4hlen?<\/h2>\t\t\t\t<\/div>\n\t\t\t\t<\/div>\n\t\t\t\t<div class=\"elementor-element elementor-element-1ae5131 elementor-icon-list--layout-traditional elementor-list-item-link-full_width de_scroll_animation_no elementor-invisible elementor-widget elementor-widget-icon-list\" data-id=\"1ae5131\" data-element_type=\"widget\" data-settings=\"{&quot;_animation&quot;:&quot;fadeInUp&quot;,&quot;ekit_we_effect_on&quot;:&quot;none&quot;}\" data-widget_type=\"icon-list.default\">\n\t\t\t\t<div class=\"elementor-widget-container\">\n\t\t\t\t\t\t\t<ul class=\"elementor-icon-list-items\">\n\t\t\t\t\t\t\t<li class=\"elementor-icon-list-item\">\n\t\t\t\t\t\t\t\t\t\t<span class=\"elementor-icon-list-text\">    Exklusive Auswahl: Wir stellen eine handverlesene Kollektion von Luxus- und Sportwagen zusammen und stellen sicher, dass jedes Fahrzeug die h\u00f6chsten Qualit\u00e4ts- und Leistungsstandards erf\u00fcllt.<\/span>\n\t\t\t\t\t\t\t\t\t<\/li>\n\t\t\t\t\t\t\t\t<li class=\"elementor-icon-list-item\">\n\t\t\t\t\t\t\t\t\t\t<span class=\"elementor-icon-list-text\">    Kompetenz, der Sie vertrauen k\u00f6nnen: Unser Team von Automobil-Enthusiasten verf\u00fcgt \u00fcber jahrzehntelange Erfahrung und Wissen, um Ihnen zu helfen, fundierte Entscheidungen zu treffen.<\/span>\n\t\t\t\t\t\t\t\t\t<\/li>\n\t\t\t\t\t\t\t\t<li class=\"elementor-icon-list-item\">\n\t\t\t\t\t\t\t\t\t\t<span class=\"elementor-icon-list-text\">    Pers\u00f6nlicher Service: Von dem Moment an, in dem Sie unseren Ausstellungsraum betreten, bis zu dem Tag, an dem Sie mit Ihrem Traumauto losfahren, sind wir bestrebt, Ihnen ein nahtloses und pers\u00f6nliches Erlebnis zu bieten.<\/span>\n\t\t\t\t\t\t\t\t\t<\/li>\n\t\t\t\t\t\t\t\t<li class=\"elementor-icon-list-item\">\n\t\t\t\t\t\t\t\t\t\t<span class=\"elementor-icon-list-text\">    Transparent und fair: Wir glauben an Ehrlichkeit und Transparenz, bieten wettbewerbsf\u00e4hige Preise und unkomplizierte Abl\u00e4ufe sowohl beim Kauf als auch beim Verkauf von Fahrzeugen.<\/span>\n\t\t\t\t\t\t\t\t\t<\/li>\n\t\t\t\t\t\t<\/ul>\n\t\t\t\t\t\t<\/div>\n\t\t\t\t<\/div>\n\t\t\t\t<\/div>\n\t\t<div class=\"elementor-element elementor-element-feccbc0 e-con-full e-flex e-con e-child\" data-id=\"feccbc0\" data-element_type=\"container\" data-settings=\"{&quot;ekit_has_onepagescroll_dot&quot;:&quot;yes&quot;}\">\n\t\t\t\t<div class=\"elementor-element elementor-element-45fcc0a de_scroll_animation_no elementor-widget elementor-widget-image\" data-id=\"45fcc0a\" data-element_type=\"widget\" data-settings=\"{&quot;_animation_widescreen&quot;:&quot;fadeInUp&quot;,&quot;ekit_we_effect_on&quot;:&quot;none&quot;}\" data-widget_type=\"image.default\">\n\t\t\t\t<div class=\"elementor-widget-container\">\n\t\t\t\t\t\t\t\t\t\t\t\t\t\t\t<img decoding=\"async\" width=\"683\" height=\"1024\" src=\"https:\/\/elite.zapsell.ch\/wp-content\/uploads\/2025\/02\/image00039-683x1024.jpeg\" class=\"attachment-large size-large wp-image-1237\" alt=\"\" srcset=\"https:\/\/elite.zapsell.ch\/wp-content\/uploads\/2025\/02\/image00039-683x1024.jpeg 683w, https:\/\/elite.zapsell.ch\/wp-content\/uploads\/2025\/02\/image00039-200x300.jpeg 200w, https:\/\/elite.zapsell.ch\/wp-content\/uploads\/2025\/02\/image00039-768x1152.jpeg 768w, https:\/\/elite.zapsell.ch\/wp-content\/uploads\/2025\/02\/image00039-1024x1536.jpeg 1024w, https:\/\/elite.zapsell.ch\/wp-content\/uploads\/2025\/02\/image00039-1366x2048.jpeg 1366w, https:\/\/elite.zapsell.ch\/wp-content\/uploads\/2025\/02\/image00039-8x12.jpeg 8w, https:\/\/elite.zapsell.ch\/wp-content\/uploads\/2025\/02\/image00039-scaled.jpeg 1707w\" sizes=\"(max-width: 683px) 100vw, 683px\" \/>\t\t\t\t\t\t\t\t\t\t\t\t\t\t\t<\/div>\n\t\t\t\t<\/div>\n\t\t\t\t<\/div>\n\t\t\t\t\t<\/div>\n\t\t\t\t<\/div>\n\t\t\t\t<\/div>","protected":false},"excerpt":{"rendered":"<p>\u00dcber Elite Garage AG Bei der Elite Garage AG sind wir mehr als nur ein Autohaus \u2013 wir sind ein [&hellip;]<\/p>","protected":false},"author":1,"featured_media":0,"parent":0,"menu_order":0,"comment_status":"closed","ping_status":"closed","template":"","meta":{"site-sidebar-layout":"no-sidebar","site-content-layout":"","ast-site-content-layout":"full-width-container","site-content-style":"default","site-sidebar-style":"default","ast-global-header-display":"","ast-banner-title-visibility":"","ast-main-header-display":"","ast-hfb-above-header-display":"","ast-hfb-below-header-display":"","ast-hfb-mobile-header-display":"","site-post-title":"disabled","ast-breadcrumbs-content":"","ast-featured-img":"disabled","footer-sml-layout":"","theme-transparent-header-meta":"","adv-header-id-meta":"","stick-header-meta":"","header-above-stick-meta":"","header-main-stick-meta":"","header-below-stick-meta":"","astra-migrate-meta-layouts":"default","ast-page-background-enabled":"default","ast-page-background-meta":{"desktop":{"background-color":"var(--ast-global-color-4)","background-image":"","background-repeat":"repeat","background-position":"center center","background-size":"auto","background-attachment":"scroll","background-type":"","background-media":"","overlay-type":"","overlay-color":"","overlay-opacity":"","overlay-gradient":""},"tablet":{"background-color":"","background-image":"","background-repeat":"repeat","background-position":"center center","background-size":"auto","background-attachment":"scroll","background-type":"","background-media":"","overlay-type":"","overlay-color":"","overlay-opacity":"","overlay-gradient":""},"mobile":{"background-color":"","background-image":"","background-repeat":"repeat","background-position":"center center","background-size":"auto","background-attachment":"scroll","background-type":"","background-media":"","overlay-type":"","overlay-color":"","overlay-opacity":"","overlay-gradient":""}},"ast-content-background-meta":{"desktop":{"background-color":"var(--ast-global-color-5)","background-image":"","background-repeat":"repeat","background-position":"center center","background-size":"auto","background-attachment":"scroll","background-type":"","background-media":"","overlay-type":"","overlay-color":"","overlay-opacity":"","overlay-gradient":""},"tablet":{"background-color":"var(--ast-global-color-5)","background-image":"","background-repeat":"repeat","background-position":"center center","background-size":"auto","background-attachment":"scroll","background-type":"","background-media":"","overlay-type":"","overlay-color":"","overlay-opacity":"","overlay-gradient":""},"mobile":{"background-color":"var(--ast-global-color-5)","background-image":"","background-repeat":"repeat","background-position":"center center","background-size":"auto","background-attachment":"scroll","background-type":"","background-media":"","overlay-type":"","overlay-color":"","overlay-opacity":"","overlay-gradient":""}},"footnotes":""},"class_list":["post-881","page","type-page","status-publish","hentry"],"_links":{"self":[{"href":"https:\/\/elite.zapsell.ch\/en\/wp-json\/wp\/v2\/pages\/881","targetHints":{"allow":["GET"]}}],"collection":[{"href":"https:\/\/elite.zapsell.ch\/en\/wp-json\/wp\/v2\/pages"}],"about":[{"href":"https:\/\/elite.zapsell.ch\/en\/wp-json\/wp\/v2\/types\/page"}],"author":[{"embeddable":true,"href":"https:\/\/elite.zapsell.ch\/en\/wp-json\/wp\/v2\/users\/1"}],"replies":[{"embeddable":true,"href":"https:\/\/elite.zapsell.ch\/en\/wp-json\/wp\/v2\/comments?post=881"}],"version-history":[{"count":25,"href":"https:\/\/elite.zapsell.ch\/en\/wp-json\/wp\/v2\/pages\/881\/revisions"}],"predecessor-version":[{"id":1258,"href":"https:\/\/elite.zapsell.ch\/en\/wp-json\/wp\/v2\/pages\/881\/revisions\/1258"}],"wp:attachment":[{"href":"https:\/\/elite.zapsell.ch\/en\/wp-json\/wp\/v2\/media?parent=881"}],"curies":[{"name":"wp","href":"https:\/\/api.w.org\/{rel}","templated":true}]}}